{"id":677,"date":"2022-04-10T17:45:08","date_gmt":"2022-04-10T15:45:08","guid":{"rendered":"https:\/\/soaig.eu\/?page_id=677"},"modified":"2023-11-10T11:39:35","modified_gmt":"2023-11-10T10:39:35","slug":"expositions","status":"publish","type":"page","link":"https:\/\/soaig.eu\/index.php\/expositions\/","title":{"rendered":"Expositions"},"content":{"rendered":"<div class=\"wp-block-image\">\n<figure class=\"aligncenter size-large\"><img loading=\"lazy\" width=\"724\" height=\"1024\" src=\"https:\/\/soaig.eu\/wp-content\/uploads\/2022\/04\/exposition-SRicher-moret-2022_md-724x1024.jpg\" alt=\"\" class=\"wp-image-753\"\/><\/figure><\/div>\n\n\n<p class=\"has-text-align-center\"><strong>\u00ab\u00a0Images d&rsquo;expression\u00a0\u00bb<\/strong><br>Mises en sc\u00e8ne de danseuses et de danseurs<\/p>\n\n\n\n<p class=\"has-text-align-center\"><em>Du 14 Mai au 19 juin 2022<br>Les week-ends de 14h. \u00e0 19h.<br>et sur rendez-vous &#8211; t\u00e9l. 01 83 62 46 70<\/em><\/p>\n\n\n\n<p class=\"has-text-align-center\"><strong>Sylvain Richer, Artiste Photographe<\/strong><br>15, rue du Puits du Four<br>77250 Moret-sur-Loing<br><br><br><\/p>\n\n\n\n<p><\/p>\n\n\n<div class=\"wp-block-image\">\n<figure class=\"aligncenter size-large\"><img loading=\"lazy\" width=\"857\" height=\"1024\" src=\"https:\/\/soaig.eu\/wp-content\/uploads\/2022\/07\/Expo-2017-Pub--857x1024.jpg\" alt=\"\" class=\"wp-image-813\"\/><\/figure><\/div>\n\n\n<p class=\"has-text-align-center\">Avec ma compagne Jing Yan, professeur de danse classique, <br>nous faisons des allers et retours entre l&rsquo;Europe et l&rsquo;Asie, entre Paris et P\u00e9kin.<br><br>Nous exposons pour quelques jours \u00e0 Paris au Studio Soaig. <br>C&rsquo;est une s\u00e9lection d&rsquo;explorations photographiques sur le mouvement<br>que j&rsquo;ai r\u00e9alis\u00e9es ici et l\u00e0-bas en studio, avec des danseurs de diff\u00e9rents horizon.<br><br>Cette exposition est ouverte tous les jours de 14h. \u00e0 20h., et ce jusqu&rsquo;au 6 Avril 2017.<\/p>\n","protected":false},"excerpt":{"rendered":"","protected":false},"author":1,"featured_media":0,"parent":0,"menu_order":0,"comment_status":"closed","ping_status":"closed","template":"","meta":[],"_links":{"self":[{"href":"https:\/\/soaig.eu\/index.php\/wp-json\/wp\/v2\/pages\/677"}],"collection":[{"href":"https:\/\/soaig.eu\/index.php\/wp-json\/wp\/v2\/pages"}],"about":[{"href":"https:\/\/soaig.eu\/index.php\/wp-json\/wp\/v2\/types\/page"}],"author":[{"embeddable":true,"href":"https:\/\/soaig.eu\/index.php\/wp-json\/wp\/v2\/users\/1"}],"replies":[{"embeddable":true,"href":"https:\/\/soaig.eu\/index.php\/wp-json\/wp\/v2\/comments?post=677"}],"version-history":[{"count":14,"href":"https:\/\/soaig.eu\/index.php\/wp-json\/wp\/v2\/pages\/677\/revisions"}],"predecessor-version":[{"id":1132,"href":"https:\/\/soaig.eu\/index.php\/wp-json\/wp\/v2\/pages\/677\/revisions\/1132"}],"wp:attachment":[{"href":"https:\/\/soaig.eu\/index.php\/wp-json\/wp\/v2\/media?parent=677"}],"curies":[{"name":"wp","href":"https:\/\/api.w.org\/{rel}","templated":true}]}}